{"id":75,"date":"2017-07-21T17:40:56","date_gmt":"2017-07-21T14:40:56","guid":{"rendered":"http:\/\/www.bafraozelguvenlik.com\/?page_id=75"},"modified":"2026-04-14T14:22:53","modified_gmt":"2026-04-14T11:22:53","slug":"gerekli-sartlar","status":"publish","type":"page","link":"https:\/\/www.bafraozelguvenlik.com.tr\/index.php\/gerekli-sartlar\/","title":{"rendered":"GEREKL\u0130 \u015eARTLAR"},"content":{"rendered":"\n<p class=\"has-vivid-red-color has-very-light-gray-background-color has-text-color has-background\"><strong>\u00d6ZEL G\u00dcVENL\u0130K TEMEL ve YEN\u0130LEME KURS KAYITLARIMIZ DEVAM ETMEKTED\u0130R.<\/strong><\/p>\n\n\n\n<p class=\"has-very-light-gray-background-color has-background\"><strong><br>Temel E\u011fitim, (\u0130lk defa Kurs alacaklar i\u00e7in ) kursumuzun\u00a0\u00a0dersleri 05 MAYIS 2026 tarihinde saat: 09:30-14:00 ve 17:00-21:00 saatleri aras\u0131nda olacakt\u0131r. Bu\u00a0kursa\u00a0dahil\u00a0olan\u00a0arkada\u015flar 121. Temel E\u011fitim S\u0131nav\u0131 05 TEMMUZ 2026 tarihinde yap\u0131lmas\u0131 planlanan s\u0131nava\u00a0kat\u0131lacakt\u0131r.<\/strong><br><\/p>\n\n\n\n<p class=\"has-very-light-gray-background-color has-background\"><strong>Bu d\u00f6neme kay\u0131t yapt\u0131ran&nbsp;ve kursu tamamlayan kursiyerler ;<br>05 TEMMUZ 2026 tarihinde &nbsp;yap\u0131lmas\u0131 planlanan 121. \u00f6zel g\u00fcvenlik s\u0131nav\u0131na kat\u0131lacakt\u0131r.<\/strong><\/p>\n\n\n\n<p class=\"has-vivid-red-color has-very-light-gray-background-color has-text-color has-background\"><strong>&nbsp;<\/strong> <br><strong>TEMEL E\u011e\u0130T\u0130M\u0130&nbsp; KAYIT \u0130\u00c7\u0130N GEREKL\u0130 EVRAKLAR;<br>1-Silahl\u0131\/Silahs\u0131z \u00d6zel G\u00fcvenlik G\u00f6revlisi Olur ibareli sa\u011fl\u0131k raporu<br>2-Diploma Fotokopisi<br>3-Resim Biometrik (2 adet)<br>4-N\u00fcfus c\u00fczdan fotokopisi<br><br><\/strong><\/p>\n\n\n\n<p class=\"has-luminous-vivid-orange-color has-very-light-gray-background-color has-text-color has-background\"><strong>\u0130LET\u0130\u015e\u0130M                                                                                                    SAMSUN\/\u0130LKADIM&nbsp;(362 431 44 43- 0 505 748 72) &nbsp;SAMSUN\/BAFRA(362&nbsp;543 21 01-0&nbsp;549&nbsp;404&nbsp;74&nbsp;42)<\/strong><\/p>\n\n\n\n<p class=\"has-very-dark-gray-color has-very-light-gray-background-color has-text-color has-background\"><strong>YEN\u0130LEME E\u011e\u0130T\u0130M\u0130;<br>Yenileme kurslar\u0131m\u0131z;  05 MAYIS 2026 tarihinde , 09:30-14:00 ve 17:00-21:00 saatleri aras\u0131nda\u00a0 verilecektir.<br>Bu kursa kat\u0131lanlar\u00a005 TEMMUZ 2026 tarihinde  yap\u0131lacak\u00a0 97.\u00a0 \u00f6zel g\u00fcvenlik s\u0131nav\u0131na kat\u0131lacakt\u0131r.<br><\/strong><\/p>\n\n\n\n<p class=\"has-vivid-red-color has-very-light-gray-background-color has-text-color has-background\"><strong>YEN\u0130LEME E\u011e\u0130T\u0130M\u0130&nbsp; KAYIT \u0130\u00c7\u0130N GEREKL\u0130 EVRARKLAR<br>1-Diploma fotokopisi<br>2-N\u00fcfus c\u00fcdan\u0131 fotokopisi<br>3-\u00d6zel g\u00fcvenlik Kimlik veya Sertifika&nbsp;fotokopisi<br>4-2 Adet resim<\/strong> Biometrik<\/p>\n\n\n\n<p class=\"has-very-light-gray-background-color has-background\"> <br><strong>(NOT: SINIF MEVCUDUMUZ DOLDU\u011eUNDA DAHA \u00d6NCEDE KURS A\u00c7AB\u0130L\u0130R\u0130Z.<br>B\u0130R AN \u00d6NCE KAYDINIZI YAPTIRMANIZI \u00d6NER\u0130R\u0130Z.)<br>Kay\u0131t i\u00e7in son kay\u0131t tarihinden \u00f6nce&nbsp;sa\u011fl\u0131k raporu&nbsp;alman\u0131z gerekmektedir.<br>Rapor almak i\u00e7in, Gazi Devlet , E\u011fitim Ara\u015ft\u0131rma , Fak\u00fclte,Bafra Devlet,Vezirk\u00f6pr\u00fc Devlet,\u00c7ar\u015famba Devlet &nbsp; hastanelerinde hafta i\u00e7i her g\u00fcn muayene olarak, heyet raporu alabilirsiniz.. Silahl\u0131 e\u011fitim raporunun devlet hastanesinden al\u0131nmas\u0131 zorunlu olup, silahs\u0131z e\u011fitim raporunu&nbsp; devlet hastanesinden veya heyet &nbsp;olu\u015fturan &nbsp;\u00f6zel hastanelerden de alabilirsiniz\u2026.<br>RAPOR ALMAYA \u00d6NCEL\u0130K VER\u0130N\u0130Z.&nbsp;HEYET RAPORU 1-2 G\u00dcN S\u00dcREB\u0130L\u0130R\u2026<br>Grup olu\u015fmas\u0131 halinde bu tarihten \u00f6ncede kurs a\u00e7abiliriz.&nbsp;<\/strong> <strong><br><\/strong><\/p>\n\n\n\n<p class=\"has-very-light-gray-background-color has-background\"><strong>\u00dcniversite, Banka, Havaliman\u0131 gibi yerlerde \u00e7al\u0131\u015fan arkada\u015flar\u0131n grup halinde (5-10-15 ki\u015fi gibi) kay\u0131t yapt\u0131rmalar\u0131 &nbsp;halinde grup indirimi uygulanmaktad\u0131r.&nbsp;AYRICA gurup olu\u015fturan ekibe&nbsp;istedi\u011fi zaman diliminde kurs a\u00e7\u0131l\u0131r \u00d6rne\u011fin, sadece&nbsp;&nbsp;Cumartesi ve pazar g\u00fcnleri veya ak\u015famlar\u0131 gibi)&nbsp;<\/strong><\/p>\n\n\n\n<p class=\"has-very-light-gray-background-color has-background\"><strong>AYRINTILAR \u0130\u00c7\u0130N \u0130LET\u0130\u015e\u0130M NUMARALARIMIZDAN B\u0130ZE ULA\u015eIN\u2026!<\/strong><br><strong>* &nbsp;KAMPANYALARIMIZDAN YARARLANIN\u2026\u2026..<br>* &nbsp;G\u0130RD\u0130\u011e\u0130 SINAVDA T\u00dcM SORULARI YANITLAYARAK TAM PUAN (100) &nbsp;ALAN KURS\u0130YERLER\u0130M\u0130ZDEN \u00dcCRET ALINMAZ, ALINMI\u015e \u00dcCRETLERDE &nbsp; \u0130ADE ED\u0130L\u0130R\u2026\u2026<br>* &nbsp;\u00d6DEME KO\u015eULLARINI KEND\u0130N\u0130Z BEL\u0130RLEY\u0130N,<br>*&nbsp;&nbsp;KURS S\u00dcRES\u0130NCE T\u00dcM KURS\u0130YERLERE&nbsp;\u00dcCRETS\u0130Z, SINIRSIZ&nbsp;\u00c7AY VE KAHVE SERV\u0130S\u0130 YAPILIR\u2026.<br>*<em>&nbsp;B\u0130Z\u0130MLE G\u00d6R\u00dc\u015eMEDEN KURS KAYDI YAPTIRMAYIN\u2026 &nbsp;T\u00fcm Gen\u00e7lerimizi Bekliyoruz\u2026..<br><\/em><\/strong><\/p>\n\n\n\n<p class=\"has-luminous-vivid-orange-color has-very-light-gray-background-color has-text-color has-background\"><strong>\u0130LET\u0130\u015e\u0130M<\/strong><br><strong>SAMSUN\/\u0130LKADIM&nbsp;(362 431 44 43- 0 505 748 72) &nbsp;SAMSUN\/BAFRA(362&nbsp;543 21 01-0&nbsp;549&nbsp;404&nbsp;74&nbsp;42) (\u00c7ald\u0131r\u0131n size d\u00f6nelim)0 505 748 72 20 (Whatsapp Hatt\u0131)<br><\/strong><\/p>\n\n\n\n<p class=\"has-vivid-cyan-blue-color has-very-light-gray-background-color has-text-color has-background\"><strong>NOT.&nbsp;\u00d6NCEK\u0130 D\u00d6NEMLERDEN SINAVA KATILMAYAN VEYA BA\u015eARISIZ OLAN KURS\u0130YERLER\u0130M\u0130Z&nbsp;<em>HER HANG\u0130 B\u0130R \u00dcCRET \u00d6DEMEDEN<\/em>&nbsp; DEVAM EDEN KURSLARIMIZI&nbsp; TAK\u0130P EDEB\u0130L\u0130RLER\u2026<\/strong><\/p>\n","protected":false},"excerpt":{"rendered":"<p>\u00d6ZEL G\u00dcVENL\u0130K TEMEL ve YEN\u0130LEME KURS KAYITLARIMIZ DEVAM ETMEKTED\u0130R. Temel E\u011fitim, (\u0130lk defa Kurs alacaklar i\u00e7in ) kursumuzun\u00a0\u00a0dersleri 05 MAYIS 2026 tarihinde saat: 09:30-14:00 ve 17:00-21:00 saatleri aras\u0131nda olacakt\u0131r. Bu\u00a0kursa\u00a0dahil\u00a0olan\u00a0arkada\u015flar 121. Temel E\u011fitim S\u0131nav\u0131 05 TEMMUZ 2026 tarihinde yap\u0131lmas\u0131 planlanan s\u0131nava\u00a0kat\u0131lacakt\u0131r. Bu d\u00f6neme kay\u0131t yapt\u0131ran&nbsp;ve kursu tamamlayan kursiyerler ;05 TEMMUZ 2026 tarihinde &nbsp;yap\u0131lmas\u0131 planlanan 121. [&hellip;]<\/p>\n","protected":false},"author":1,"featured_media":0,"parent":0,"menu_order":0,"comment_status":"closed","ping_status":"closed","template":"","meta":[],"_links":{"self":[{"href":"https:\/\/www.bafraozelguvenlik.com.tr\/index.php\/wp-json\/wp\/v2\/pages\/75"}],"collection":[{"href":"https:\/\/www.bafraozelguvenlik.com.tr\/index.php\/wp-json\/wp\/v2\/pages"}],"about":[{"href":"https:\/\/www.bafraozelguvenlik.com.tr\/index.php\/wp-json\/wp\/v2\/types\/page"}],"author":[{"embeddable":true,"href":"https:\/\/www.bafraozelguvenlik.com.tr\/index.php\/wp-json\/wp\/v2\/users\/1"}],"replies":[{"embeddable":true,"href":"https:\/\/www.bafraozelguvenlik.com.tr\/index.php\/wp-json\/wp\/v2\/comments?post=75"}],"version-history":[{"count":119,"href":"https:\/\/www.bafraozelguvenlik.com.tr\/index.php\/wp-json\/wp\/v2\/pages\/75\/revisions"}],"predecessor-version":[{"id":435,"href":"https:\/\/www.bafraozelguvenlik.com.tr\/index.php\/wp-json\/wp\/v2\/pages\/75\/revisions\/435"}],"wp:attachment":[{"href":"https:\/\/www.bafraozelguvenlik.com.tr\/index.php\/wp-json\/wp\/v2\/media?parent=75"}],"curies":[{"name":"wp","href":"https:\/\/api.w.org\/{rel}","templated":true}]}}