{"id":24,"date":"2016-11-23T23:56:19","date_gmt":"2016-11-23T21:56:19","guid":{"rendered":"http:\/\/www.bafraozelguvenlik.com\/?page_id=24"},"modified":"2019-01-16T09:01:36","modified_gmt":"2019-01-16T06:01:36","slug":"hizmetlerimiz","status":"publish","type":"page","link":"https:\/\/www.bafraozelguvenlik.com.tr\/index.php\/hizmetlerimiz\/","title":{"rendered":"H\u0130ZMETLER\u0130M\u0130Z"},"content":{"rendered":"<p><span style=\"color: #000000;\">BAFRA \u00d6ZEL G\u00dcVENL\u0130K 5188 Say\u0131l\u0131 \u00ab\u00d6zel G\u00fcvenlik Hizmetlerine Dair Kanun\u00bb a uygun olarak T.C. \u0130\u00e7i\u015fleri Bakanl\u0131\u011f\u0131 Onayl\u0131 \u00d6zel G\u00fcvenlik \u015eirketi Faaliyet \u0130zin Belgesi ve \u00d6zel G\u00fcvenlik E\u011fitim Kurumu Faaliyet \u0130zin Belgesine sahiptir. \u00d6zel G\u00fcvenlik sekt\u00f6r\u00fcnde tecr\u00fcbe ve birikimlerimiz ile\u00a0 sekt\u00f6rel alanlardaki m\u00fc\u015fteri isteklerini ve beklentilerini kar\u015f\u0131layacak donan\u0131ma sahip Uzman kadrosu ile\u00a0 pazarda\u00a0 yerini alm\u0131\u015ft\u0131r.<\/span><\/p>\n<p><strong>Samsun Merkez ve Bafra il\u00e7esinde \u015fubesi bulunan firmam\u0131z \u00f6zel g\u00fcvenlik e\u011fitimi ve \u015firket faaliyetleri olarak \u00e7al\u0131\u015fmalar\u0131na devam etmektedir.<\/strong><\/p>\n<ul>\n<li><strong><span style=\"color: #ff0000;\">\u00d6zel G\u00fcvenlik Temel ve Yenileme E\u011fitimi<\/span><\/strong><\/li>\n<li><strong><span style=\"color: #ff0000;\">Hizmet \u0130\u00e7i E\u011fitim At\u0131\u015f\u0131<\/span><\/strong><\/li>\n<li><strong><span style=\"color: #ff0000;\">Yerinde \u00d6zel G\u00fcvenlik E\u011fitimi<\/span><\/strong><\/li>\n<li><strong><span style=\"color: #ff0000;\">Yak\u0131n Koruma<\/span><\/strong><\/li>\n<li><strong><span style=\"color: #ff0000;\">K9 K\u00f6pek E\u011fitimi<\/span><\/strong><\/li>\n<li><strong><span style=\"color: #993366;\">\u00dcretim Tesisleri\/Fabrika<\/span><\/strong><\/li>\n<li><strong><span style=\"color: #993366;\">Turizm Otel<\/span><\/strong><\/li>\n<li><strong><span style=\"color: #993366;\">Site \u00d6zel Konut<\/span><\/strong><\/li>\n<li><strong><span style=\"color: #993366;\">Sa\u011fl\u0131k Kurumlar\u0131<\/span><\/strong><\/li>\n<li><strong><span style=\"color: #993366;\">Al\u0131\u015fveri\u015f Merkezleri<\/span><\/strong><\/li>\n<li><strong><span style=\"color: #993366;\">Perakende Ma\u011fazac\u0131l\u0131k<\/span><\/strong><\/li>\n<li><strong><span style=\"color: #993366;\">Yak\u0131n Koruma<\/span><\/strong><\/li>\n<li><strong><span style=\"color: #993366;\">Depo\/Antrepo<\/span><\/strong><\/li>\n<li><strong><span style=\"color: #993366;\">Fuar\/Konser<\/span><\/strong><\/li>\n<li><strong><span style=\"color: #993366;\">G\u00fcvenlik Dan\u0131\u015fmanl\u0131\u011f\u0131<\/span><\/strong><\/li>\n<\/ul>\n","protected":false},"excerpt":{"rendered":"<p>BAFRA \u00d6ZEL G\u00dcVENL\u0130K 5188 Say\u0131l\u0131 \u00ab\u00d6zel G\u00fcvenlik Hizmetlerine Dair Kanun\u00bb a uygun olarak T.C. \u0130\u00e7i\u015fleri Bakanl\u0131\u011f\u0131 Onayl\u0131 \u00d6zel G\u00fcvenlik \u015eirketi Faaliyet \u0130zin Belgesi ve \u00d6zel G\u00fcvenlik E\u011fitim Kurumu Faaliyet \u0130zin Belgesine sahiptir. \u00d6zel G\u00fcvenlik sekt\u00f6r\u00fcnde tecr\u00fcbe ve birikimlerimiz ile\u00a0 sekt\u00f6rel alanlardaki m\u00fc\u015fteri isteklerini ve beklentilerini kar\u015f\u0131layacak donan\u0131ma sahip Uzman kadrosu ile\u00a0 pazarda\u00a0 yerini alm\u0131\u015ft\u0131r. Samsun [&hellip;]<\/p>\n","protected":false},"author":1,"featured_media":0,"parent":0,"menu_order":0,"comment_status":"closed","ping_status":"closed","template":"","meta":[],"_links":{"self":[{"href":"https:\/\/www.bafraozelguvenlik.com.tr\/index.php\/wp-json\/wp\/v2\/pages\/24"}],"collection":[{"href":"https:\/\/www.bafraozelguvenlik.com.tr\/index.php\/wp-json\/wp\/v2\/pages"}],"about":[{"href":"https:\/\/www.bafraozelguvenlik.com.tr\/index.php\/wp-json\/wp\/v2\/types\/page"}],"author":[{"embeddable":true,"href":"https:\/\/www.bafraozelguvenlik.com.tr\/index.php\/wp-json\/wp\/v2\/users\/1"}],"replies":[{"embeddable":true,"href":"https:\/\/www.bafraozelguvenlik.com.tr\/index.php\/wp-json\/wp\/v2\/comments?post=24"}],"version-history":[{"count":3,"href":"https:\/\/www.bafraozelguvenlik.com.tr\/index.php\/wp-json\/wp\/v2\/pages\/24\/revisions"}],"predecessor-version":[{"id":110,"href":"https:\/\/www.bafraozelguvenlik.com.tr\/index.php\/wp-json\/wp\/v2\/pages\/24\/revisions\/110"}],"wp:attachment":[{"href":"https:\/\/www.bafraozelguvenlik.com.tr\/index.php\/wp-json\/wp\/v2\/media?parent=24"}],"curies":[{"name":"wp","href":"https:\/\/api.w.org\/{rel}","templated":true}]}}