{"id":22,"date":"2016-11-23T23:54:52","date_gmt":"2016-11-23T21:54:52","guid":{"rendered":"http:\/\/www.bafraozelguvenlik.com\/?page_id=22"},"modified":"2019-01-16T11:11:29","modified_gmt":"2019-01-16T08:11:29","slug":"egitim","status":"publish","type":"page","link":"https:\/\/www.bafraozelguvenlik.com.tr\/index.php\/egitim\/","title":{"rendered":"E\u011e\u0130T\u0130M"},"content":{"rendered":"\n<p class=\"has-text-color has-vivid-red-color\"><strong>GEREKL\u0130 FORMLAR<\/strong><\/p>\n\n\n\n<div class=\"wp-block-file\"><a href=\"http:\/\/www.bafraozelguvenlik.com.tr\/wp-content\/uploads\/2019\/01\/GU\u0308VENLI\u0307K-SORUS\u0327TURMA-FORMU.xlsx\">GU\u0308VENLI\u0307K SORUS\u0327TURMA FORMU<\/a><a href=\"http:\/\/www.bafraozelguvenlik.com.tr\/wp-content\/uploads\/2019\/01\/GU\u0308VENLI\u0307K-SORUS\u0327TURMA-FORMU.xlsx\" class=\"wp-block-file__button\" download>\u0130ndir<\/a><\/div>\n\n\n\n<div class=\"wp-block-file\"><a href=\"http:\/\/www.bafraozelguvenlik.com.tr\/wp-content\/uploads\/2019\/01\/EMN\u0130YETE-VER\u0130LECEK-TEMEL-E\u011e\u0130T\u0130M-D\u0130LEK\u00c7E-\u00d6RNE\u011e\u0130.docx\">EMN\u0130YETE VER\u0130LECEK TEMEL E\u011e\u0130T\u0130M D\u0130LEK\u00c7E \u00d6RNE\u011e\u0130<\/a><a href=\"http:\/\/www.bafraozelguvenlik.com.tr\/wp-content\/uploads\/2019\/01\/EMN\u0130YETE-VER\u0130LECEK-TEMEL-E\u011e\u0130T\u0130M-D\u0130LEK\u00c7E-\u00d6RNE\u011e\u0130.docx\" class=\"wp-block-file__button\" download>\u0130ndir<\/a><\/div>\n\n\n\n<div class=\"wp-block-file\"><a href=\"http:\/\/www.bafraozelguvenlik.com.tr\/wp-content\/uploads\/2019\/01\/EMN\u0130YETE-VER\u0130LECEK-YEN\u0130LEME-E\u011e\u0130T\u0130M-D\u0130LEK\u00c7E-\u00d6RNE\u011e\u0130.docx\">EMN\u0130YETE VER\u0130LECEK YEN\u0130LEME E\u011e\u0130T\u0130M D\u0130LEK\u00c7E \u00d6RNE\u011e\u0130<\/a><a href=\"http:\/\/www.bafraozelguvenlik.com.tr\/wp-content\/uploads\/2019\/01\/EMN\u0130YETE-VER\u0130LECEK-YEN\u0130LEME-E\u011e\u0130T\u0130M-D\u0130LEK\u00c7E-\u00d6RNE\u011e\u0130.docx\" class=\"wp-block-file__button\" download>\u0130ndir<\/a><\/div>\n\n\n\n<div class=\"wp-block-file\"><a href=\"http:\/\/www.bafraozelguvenlik.com.tr\/wp-content\/uploads\/2019\/01\/BAFRA-\u00d6ZEL-G\u00dcVENL\u0130K-\u0130\u015e-BA\u015eVURUSU.doc\">BAFRA \u00d6ZEL G\u00dcVENL\u0130K \u0130\u015e BA\u015eVURUSU<\/a><a href=\"http:\/\/www.bafraozelguvenlik.com.tr\/wp-content\/uploads\/2019\/01\/BAFRA-\u00d6ZEL-G\u00dcVENL\u0130K-\u0130\u015e-BA\u015eVURUSU.doc\" class=\"wp-block-file__button\" download>\u0130ndir<\/a><\/div>\n\n\n\n<p class=\"has-text-color has-vivid-red-color\"><strong>\u00c7IKMI\u015e SINAV SORULARI<\/strong><\/p>\n\n\n\n<div class=\"wp-block-file\"><a href=\"http:\/\/www.bafraozelguvenlik.com.tr\/wp-content\/uploads\/2019\/01\/73-TEMEL-03-12-2017.pdf\">73-TEMEL-03-12-2017<\/a><a href=\"http:\/\/www.bafraozelguvenlik.com.tr\/wp-content\/uploads\/2019\/01\/73-TEMEL-03-12-2017.pdf\" class=\"wp-block-file__button\" download>\u0130ndir<\/a><\/div>\n\n\n\n<div class=\"wp-block-file\"><a href=\"http:\/\/www.bafraozelguvenlik.com.tr\/wp-content\/uploads\/2019\/01\/74-TEMEL-04-02-2018.pdf\">74-TEMEL-04-02-2018<\/a><a href=\"http:\/\/www.bafraozelguvenlik.com.tr\/wp-content\/uploads\/2019\/01\/74-TEMEL-04-02-2018.pdf\" class=\"wp-block-file__button\" download>\u0130ndir<\/a><\/div>\n\n\n\n<div class=\"wp-block-file\"><a href=\"http:\/\/www.bafraozelguvenlik.com.tr\/wp-content\/uploads\/2019\/01\/76-TEMEL-03-06-2018.pdf\">76-TEMEL-03-06-2018<\/a><a href=\"http:\/\/www.bafraozelguvenlik.com.tr\/wp-content\/uploads\/2019\/01\/76-TEMEL-03-06-2018.pdf\" class=\"wp-block-file__button\" download>\u0130ndir<\/a><\/div>\n\n\n\n<div class=\"wp-block-file\"><a href=\"http:\/\/www.bafraozelguvenlik.com.tr\/wp-content\/uploads\/2019\/01\/77-TEMEL-12-08-2018.pdf\">77-TEMEL-12-08-2018<\/a><a href=\"http:\/\/www.bafraozelguvenlik.com.tr\/wp-content\/uploads\/2019\/01\/77-TEMEL-12-08-2018.pdf\" class=\"wp-block-file__button\" download>\u0130ndir<\/a><\/div>\n\n\n\n<div class=\"wp-block-file\"><a href=\"http:\/\/www.bafraozelguvenlik.com.tr\/wp-content\/uploads\/2019\/01\/78-TEMEL-30-09-2018-1.pdf\">78-TEMEL-30-09-2018-1<\/a><a href=\"http:\/\/www.bafraozelguvenlik.com.tr\/wp-content\/uploads\/2019\/01\/78-TEMEL-30-09-2018-1.pdf\" class=\"wp-block-file__button\" download>\u0130ndir<\/a><\/div>\n\n\n\n<div class=\"wp-block-file\"><a href=\"http:\/\/www.bafraozelguvenlik.com.tr\/wp-content\/uploads\/2019\/01\/49-YEN\u0130LEME-03-12-2017.pdf\">49-YEN\u0130LEME-03-12-2017<\/a><a href=\"http:\/\/www.bafraozelguvenlik.com.tr\/wp-content\/uploads\/2019\/01\/49-YEN\u0130LEME-03-12-2017.pdf\" class=\"wp-block-file__button\" download>\u0130ndir<\/a><\/div>\n\n\n\n<div class=\"wp-block-file\"><a href=\"http:\/\/www.bafraozelguvenlik.com.tr\/wp-content\/uploads\/2019\/01\/50-YEN\u0130LEME-04-02-2018.pdf\">50-YEN\u0130LEME-04-02-2018<\/a><a href=\"http:\/\/www.bafraozelguvenlik.com.tr\/wp-content\/uploads\/2019\/01\/50-YEN\u0130LEME-04-02-2018.pdf\" class=\"wp-block-file__button\" download>\u0130ndir<\/a><\/div>\n\n\n\n<div class=\"wp-block-file\"><a href=\"http:\/\/www.bafraozelguvenlik.com.tr\/wp-content\/uploads\/2019\/01\/51-YENILEME-08-04-2018-2.pdf\">51-YENILEME-08-04-2018-2<\/a><a href=\"http:\/\/www.bafraozelguvenlik.com.tr\/wp-content\/uploads\/2019\/01\/51-YENILEME-08-04-2018-2.pdf\" class=\"wp-block-file__button\" download>\u0130ndir<\/a><\/div>\n\n\n\n<div class=\"wp-block-file\"><a href=\"http:\/\/www.bafraozelguvenlik.com.tr\/wp-content\/uploads\/2019\/01\/52-YENILEME-03-06-2018-2.pdf\">52-YENILEME-03-06-2018-2<\/a><a href=\"http:\/\/www.bafraozelguvenlik.com.tr\/wp-content\/uploads\/2019\/01\/52-YENILEME-03-06-2018-2.pdf\" class=\"wp-block-file__button\" download>\u0130ndir<\/a><\/div>\n\n\n\n<div class=\"wp-block-file\"><a href=\"http:\/\/www.bafraozelguvenlik.com.tr\/wp-content\/uploads\/2019\/01\/53-YENILEME-12-08-2018-1.pdf\">53-YENILEME-12-08-2018-1<\/a><a href=\"http:\/\/www.bafraozelguvenlik.com.tr\/wp-content\/uploads\/2019\/01\/53-YENILEME-12-08-2018-1.pdf\" class=\"wp-block-file__button\" download>\u0130ndir<\/a><\/div>\n\n\n\n<div class=\"wp-block-file\"><a href=\"http:\/\/www.bafraozelguvenlik.com.tr\/wp-content\/uploads\/2019\/01\/54-YENILEME-30-09-2018.pdf\">54-YENILEME-30-09-2018<\/a><a href=\"http:\/\/www.bafraozelguvenlik.com.tr\/wp-content\/uploads\/2019\/01\/54-YENILEME-30-09-2018.pdf\" class=\"wp-block-file__button\" download>\u0130ndir<\/a><\/div>\n\n\n\n<p class=\"has-text-color has-vivid-red-color\"><strong>DERS NOTLARI<\/strong><\/p>\n\n\n\n<div class=\"wp-block-file\"><a href=\"http:\/\/www.bafraozelguvenlik.com.tr\/wp-content\/uploads\/2019\/01\/Etkili-\u0130leti\u015fim.docx\">Etkili \u0130leti\u015fim<\/a><a href=\"http:\/\/www.bafraozelguvenlik.com.tr\/wp-content\/uploads\/2019\/01\/Etkili-\u0130leti\u015fim.docx\" class=\"wp-block-file__button\" download>\u0130ndir<\/a><\/div>\n\n\n\n<div class=\"wp-block-file\"><a href=\"http:\/\/www.bafraozelguvenlik.com.tr\/wp-content\/uploads\/2019\/01\/Genel-Kollukla-\u0130li\u015fkiler.docx\">Genel Kollukla \u0130li\u015fkiler<\/a><a href=\"http:\/\/www.bafraozelguvenlik.com.tr\/wp-content\/uploads\/2019\/01\/Genel-Kollukla-\u0130li\u015fkiler.docx\" class=\"wp-block-file__button\" download>\u0130ndir<\/a><\/div>\n\n\n\n<div class=\"wp-block-file\"><a href=\"http:\/\/www.bafraozelguvenlik.com.tr\/wp-content\/uploads\/2019\/01\/G\u00fcvenlik-Sistem-ve-Cihazlar\u0131.doc\">G\u00fcvenlik Sistem ve Cihazlar\u0131<\/a><a href=\"http:\/\/www.bafraozelguvenlik.com.tr\/wp-content\/uploads\/2019\/01\/G\u00fcvenlik-Sistem-ve-Cihazlar\u0131.doc\" class=\"wp-block-file__button\" download>\u0130ndir<\/a><\/div>\n\n\n\n<div class=\"wp-block-file\"><a href=\"http:\/\/www.bafraozelguvenlik.com.tr\/wp-content\/uploads\/2019\/01\/G\u00fcvenlik-Tedbirleri.doc\">G\u00fcvenlik Tedbirleri<\/a><a href=\"http:\/\/www.bafraozelguvenlik.com.tr\/wp-content\/uploads\/2019\/01\/G\u00fcvenlik-Tedbirleri.doc\" class=\"wp-block-file__button\" download>\u0130ndir<\/a><\/div>\n\n\n\n<div class=\"wp-block-file\"><a href=\"http:\/\/www.bafraozelguvenlik.com.tr\/wp-content\/uploads\/2019\/01\/Kalabal\u0131k-Y\u00f6netimi-1.docx\">Kalabal\u0131k Y\u00f6netimi<\/a><a href=\"http:\/\/www.bafraozelguvenlik.com.tr\/wp-content\/uploads\/2019\/01\/Kalabal\u0131k-Y\u00f6netimi-1.docx\" class=\"wp-block-file__button\" download>\u0130ndir<\/a><\/div>\n\n\n\n<div class=\"wp-block-file\"><a href=\"http:\/\/www.bafraozelguvenlik.com.tr\/wp-content\/uploads\/2019\/01\/Kalabal\u0131k-Y\u00f6netimi.docx\">Kalabal\u0131k Y\u00f6netimi<\/a><a href=\"http:\/\/www.bafraozelguvenlik.com.tr\/wp-content\/uploads\/2019\/01\/Kalabal\u0131k-Y\u00f6netimi.docx\" class=\"wp-block-file__button\" download>\u0130ndir<\/a><\/div>\n\n\n\n<div class=\"wp-block-file\"><a href=\"http:\/\/www.bafraozelguvenlik.com.tr\/wp-content\/uploads\/2019\/01\/Ki\u015fi-Koruma.doc\">Ki\u015fi Koruma<\/a><a href=\"http:\/\/www.bafraozelguvenlik.com.tr\/wp-content\/uploads\/2019\/01\/Ki\u015fi-Koruma.doc\" class=\"wp-block-file__button\" download>\u0130ndir<\/a><\/div>\n\n\n\n<div class=\"wp-block-file\"><a href=\"http:\/\/www.bafraozelguvenlik.com.tr\/wp-content\/uploads\/2019\/01\/Ki\u015fi-Koruma-1.doc\">Ki\u015fi Koruma<\/a><a href=\"http:\/\/www.bafraozelguvenlik.com.tr\/wp-content\/uploads\/2019\/01\/Ki\u015fi-Koruma-1.doc\" class=\"wp-block-file__button\" download>\u0130ndir<\/a><\/div>\n\n\n\n<div class=\"wp-block-file\"><a href=\"http:\/\/www.bafraozelguvenlik.com.tr\/wp-content\/uploads\/2019\/01\/\u00d6zel-G\u00fcvenlik-Hukuku-ve-Ki\u015fi-Haklar\u0131.doc\">\u00d6zel G\u00fcvenlik Hukuku ve Ki\u015fi Haklar\u0131<\/a><a href=\"http:\/\/www.bafraozelguvenlik.com.tr\/wp-content\/uploads\/2019\/01\/\u00d6zel-G\u00fcvenlik-Hukuku-ve-Ki\u015fi-Haklar\u0131.doc\" class=\"wp-block-file__button\" download>\u0130ndir<\/a><\/div>\n\n\n\n<div class=\"wp-block-file\"><a href=\"http:\/\/www.bafraozelguvenlik.com.tr\/wp-content\/uploads\/2019\/01\/Silah-Bilgisi-Ve-at\u0131\u015f.doc\">Silah Bilgisi Ve at\u0131\u015f<\/a><a href=\"http:\/\/www.bafraozelguvenlik.com.tr\/wp-content\/uploads\/2019\/01\/Silah-Bilgisi-Ve-at\u0131\u015f.doc\" class=\"wp-block-file__button\" download>\u0130ndir<\/a><\/div>\n\n\n\n<div class=\"wp-block-file\"><a href=\"http:\/\/www.bafraozelguvenlik.com.tr\/wp-content\/uploads\/2019\/01\/Temel-\u0130lk-Yard\u0131m.doc\">Temel \u0130lk Yard\u0131m<\/a><a href=\"http:\/\/www.bafraozelguvenlik.com.tr\/wp-content\/uploads\/2019\/01\/Temel-\u0130lk-Yard\u0131m.doc\" class=\"wp-block-file__button\" download>\u0130ndir<\/a><\/div>\n\n\n\n<div class=\"wp-block-file\"><a href=\"http:\/\/www.bafraozelguvenlik.com.tr\/wp-content\/uploads\/2019\/01\/Uyu\u015fturucu-Maddeler.doc\">Uyu\u015fturucu Maddeler<\/a><a href=\"http:\/\/www.bafraozelguvenlik.com.tr\/wp-content\/uploads\/2019\/01\/Uyu\u015fturucu-Maddeler.doc\" class=\"wp-block-file__button\" download>\u0130ndir<\/a><\/div>\n\n\n\n<div class=\"wp-block-file\"><a href=\"http:\/\/www.bafraozelguvenlik.com.tr\/wp-content\/uploads\/2019\/01\/Yang\u0131n-G\u00fcvenli\u011fi-ve-tabi-Felaketlerden-M\u00fcdahale-Tarz\u0131.docx\">Yang\u0131n G\u00fcvenli\u011fi ve tabi Felaketlerden M\u00fcdahale Tarz\u0131<\/a><a href=\"http:\/\/www.bafraozelguvenlik.com.tr\/wp-content\/uploads\/2019\/01\/Yang\u0131n-G\u00fcvenli\u011fi-ve-tabi-Felaketlerden-M\u00fcdahale-Tarz\u0131.docx\" class=\"wp-block-file__button\" download>\u0130ndir<\/a><\/div>\n","protected":false},"excerpt":{"rendered":"<p>GEREKL\u0130 FORMLAR \u00c7IKMI\u015e SINAV SORULARI DERS NOTLARI<\/p>\n","protected":false},"author":1,"featured_media":0,"parent":0,"menu_order":0,"comment_status":"closed","ping_status":"closed","template":"","meta":[],"_links":{"self":[{"href":"https:\/\/www.bafraozelguvenlik.com.tr\/index.php\/wp-json\/wp\/v2\/pages\/22"}],"collection":[{"href":"https:\/\/www.bafraozelguvenlik.com.tr\/index.php\/wp-json\/wp\/v2\/pages"}],"about":[{"href":"https:\/\/www.bafraozelguvenlik.com.tr\/index.php\/wp-json\/wp\/v2\/types\/page"}],"author":[{"embeddable":true,"href":"https:\/\/www.bafraozelguvenlik.com.tr\/index.php\/wp-json\/wp\/v2\/users\/1"}],"replies":[{"embeddable":true,"href":"https:\/\/www.bafraozelguvenlik.com.tr\/index.php\/wp-json\/wp\/v2\/comments?post=22"}],"version-history":[{"count":5,"href":"https:\/\/www.bafraozelguvenlik.com.tr\/index.php\/wp-json\/wp\/v2\/pages\/22\/revisions"}],"predecessor-version":[{"id":178,"href":"https:\/\/www.bafraozelguvenlik.com.tr\/index.php\/wp-json\/wp\/v2\/pages\/22\/revisions\/178"}],"wp:attachment":[{"href":"https:\/\/www.bafraozelguvenlik.com.tr\/index.php\/wp-json\/wp\/v2\/media?parent=22"}],"curies":[{"name":"wp","href":"https:\/\/api.w.org\/{rel}","templated":true}]}}