{"id":18,"date":"2016-11-23T23:52:18","date_gmt":"2016-11-23T21:52:18","guid":{"rendered":"http:\/\/www.bafraozelguvenlik.com\/?page_id=18"},"modified":"2016-11-23T23:52:18","modified_gmt":"2016-11-23T21:52:18","slug":"kalite-politikamiz","status":"publish","type":"page","link":"https:\/\/www.bafraozelguvenlik.com.tr\/index.php\/kalite-politikamiz\/","title":{"rendered":"Kalite Politikam\u0131z"},"content":{"rendered":"<ul>\n<li>Hizmet kalitemizi, m\u00fc\u015fterilerimizin istekleri ve beklentileri do\u011frultusunda en \u00fcst d\u00fczeyde\u00a0\u00a0 sa\u011flamak ve s\u00fcrekli geli\u015ftirmek,<\/li>\n<li>M\u00fc\u015fterilerin isteklerini ilk seferde ve do\u011fru tespit etmek, m\u00fc\u015fterilerine istenen kalitede hizmet sunmak,<\/li>\n<li>M\u00fc\u015fterilerimizin isteklerini, her zaman belirlenen taahh\u00fctlere uygun olarak, planlanan zamanda ve \u00f6n g\u00f6r\u00fclen \u015fartlarda, optimum maliyetlerde yerine getirmek,<\/li>\n<li>TS EN ISO 9001:2008 Kalite Y\u00f6netim Sistemi \u015fartlar\u0131na her ko\u015fulda uygunlu\u011fu sa\u011flamak,<\/li>\n<li>Yasal ve di\u011fer \u015fartlar\u0131 takip etmek ve gerekliliklerini her ko\u015fulda yerine getirmek<\/li>\n<li>\u00c7al\u0131\u015fanlar\u0131n verimlili\u011fini ve i\u015fleyi\u015fe katk\u0131s\u0131n\u0131 sa\u011flayabilmek amac\u0131yla ki\u015fisel ve mesleki e\u011fitimlerle s\u00fcrekli geli\u015fimini sa\u011flamak,<\/li>\n<li>Kalite ad\u0131na sistemin i\u015fleyi\u015fine katk\u0131da bulunacak ve sistemi geli\u015ftirecek yat\u0131r\u0131mdan ka\u00e7\u0131nmamak,<\/li>\n<li>G\u00fcvenlik sekt\u00f6r\u00fcndeki ba\u015far\u0131 grafi\u011fini her ge\u00e7en g\u00fcn daha da artt\u0131rarak sekt\u00f6rde daima tercih edilen ve bu sayede pazardaki pay\u0131n\u0131 s\u00fcrekli artt\u0131rmay\u0131 hedefleyen bir marka olmak,<\/li>\n<li>Her zaman m\u00fc\u015fteri odakl\u0131 olmay\u0131 ve yapt\u0131\u011f\u0131 i\u015fin sorumlulu\u011funu \u00e7al\u0131\u015fanlar\u0131na benimsetmek.<\/li>\n<li>T\u00fcrkiye\u2019 nin sayg\u0131n ve ilk tercih edilen \u00f6zel g\u00fcvenlik kurulu\u015flar\u0131 aras\u0131nda hak etti\u011fi yeri almak ve \u00fcstlendi\u011fi sorumlulu\u011fun bilincinde olmakt\u0131r.<\/li>\n<\/ul>\n<p>Bafra \u00d6zel G\u00fcvenlik Hizmetleri Ltd. \u015eti. y\u00f6netimi, yukar\u0131da tan\u0131mlanan taahh\u00fctleri ger\u00e7ekle\u015ftirmek ve kalite ad\u0131na gerekli her t\u00fcrl\u00fc insan, alt yap\u0131 ve \u00e7al\u0131\u015fma ortam\u0131na ili\u015fkin kaynaklar\u0131 mevcut imk\u00e2nlar \u00e7er\u00e7evesinde sa\u011flamay\u0131 ve s\u00fcrekli iyile\u015ftirmeyi g\u00f6rev bilecektir.<\/p>\n","protected":false},"excerpt":{"rendered":"<p>Hizmet kalitemizi, m\u00fc\u015fterilerimizin istekleri ve beklentileri do\u011frultusunda en \u00fcst d\u00fczeyde\u00a0\u00a0 sa\u011flamak ve s\u00fcrekli geli\u015ftirmek, M\u00fc\u015fterilerin isteklerini ilk seferde ve do\u011fru tespit etmek, m\u00fc\u015fterilerine istenen kalitede hizmet sunmak, M\u00fc\u015fterilerimizin isteklerini, her zaman belirlenen taahh\u00fctlere uygun olarak, planlanan zamanda ve \u00f6n g\u00f6r\u00fclen \u015fartlarda, optimum maliyetlerde yerine getirmek, TS EN ISO 9001:2008 Kalite Y\u00f6netim Sistemi \u015fartlar\u0131na her ko\u015fulda [&hellip;]<\/p>\n","protected":false},"author":1,"featured_media":0,"parent":0,"menu_order":0,"comment_status":"closed","ping_status":"closed","template":"","meta":[],"_links":{"self":[{"href":"https:\/\/www.bafraozelguvenlik.com.tr\/index.php\/wp-json\/wp\/v2\/pages\/18"}],"collection":[{"href":"https:\/\/www.bafraozelguvenlik.com.tr\/index.php\/wp-json\/wp\/v2\/pages"}],"about":[{"href":"https:\/\/www.bafraozelguvenlik.com.tr\/index.php\/wp-json\/wp\/v2\/types\/page"}],"author":[{"embeddable":true,"href":"https:\/\/www.bafraozelguvenlik.com.tr\/index.php\/wp-json\/wp\/v2\/users\/1"}],"replies":[{"embeddable":true,"href":"https:\/\/www.bafraozelguvenlik.com.tr\/index.php\/wp-json\/wp\/v2\/comments?post=18"}],"version-history":[{"count":1,"href":"https:\/\/www.bafraozelguvenlik.com.tr\/index.php\/wp-json\/wp\/v2\/pages\/18\/revisions"}],"predecessor-version":[{"id":19,"href":"https:\/\/www.bafraozelguvenlik.com.tr\/index.php\/wp-json\/wp\/v2\/pages\/18\/revisions\/19"}],"wp:attachment":[{"href":"https:\/\/www.bafraozelguvenlik.com.tr\/index.php\/wp-json\/wp\/v2\/media?parent=18"}],"curies":[{"name":"wp","href":"https:\/\/api.w.org\/{rel}","templated":true}]}}