{"id":16,"date":"2016-11-23T23:51:31","date_gmt":"2016-11-23T21:51:31","guid":{"rendered":"http:\/\/www.bafraozelguvenlik.com\/?page_id=16"},"modified":"2016-11-23T23:51:31","modified_gmt":"2016-11-23T21:51:31","slug":"misyonumuz","status":"publish","type":"page","link":"https:\/\/www.bafraozelguvenlik.com.tr\/index.php\/misyonumuz\/","title":{"rendered":"Misyonumuz"},"content":{"rendered":"<p>Bafra \u00d6zel G\u00fcvenlik m\u00fc\u015fterilerinin beklentilerini iyi anlar ,h\u0131zl\u0131 ve esnek \u00e7\u00f6z\u00fcmler \u00fcretir ve ihtiya\u00e7lar\u0131 do\u011frultusunda hizmetler sunar. Her ge\u00e7en g\u00fcn farkl\u0131 sekt\u00f6rlere imza atarak ba\u015far\u0131 grafi\u011fini y\u00fckseltmektedir.<\/p>\n<p>Bafra \u00d6zel G\u00fcvenlik \u0130\u00e7i\u015fleri Bakanl\u0131\u011f\u0131\u2019ndan 5188 Say\u0131l\u0131 Kanuna ba\u011fl\u0131 olarak \u201c\u00d6zel G\u00fcvenlik\u00a0 \u015eirketi Faaliyeti \u0130zin Belgesi\u201d, ISO 9001-2008 Kalite y\u00f6netim sistemi Belgelerine sahip uzman bir kurulu\u015ftur.<\/p>\n","protected":false},"excerpt":{"rendered":"<p>Bafra \u00d6zel G\u00fcvenlik m\u00fc\u015fterilerinin beklentilerini iyi anlar ,h\u0131zl\u0131 ve esnek \u00e7\u00f6z\u00fcmler \u00fcretir ve ihtiya\u00e7lar\u0131 do\u011frultusunda hizmetler sunar. Her ge\u00e7en g\u00fcn farkl\u0131 sekt\u00f6rlere imza atarak ba\u015far\u0131 grafi\u011fini y\u00fckseltmektedir. Bafra \u00d6zel G\u00fcvenlik \u0130\u00e7i\u015fleri Bakanl\u0131\u011f\u0131\u2019ndan 5188 Say\u0131l\u0131 Kanuna ba\u011fl\u0131 olarak \u201c\u00d6zel G\u00fcvenlik\u00a0 \u015eirketi Faaliyeti \u0130zin Belgesi\u201d, ISO 9001-2008 Kalite y\u00f6netim sistemi Belgelerine sahip uzman bir kurulu\u015ftur.<\/p>\n","protected":false},"author":1,"featured_media":0,"parent":0,"menu_order":0,"comment_status":"closed","ping_status":"closed","template":"","meta":[],"_links":{"self":[{"href":"https:\/\/www.bafraozelguvenlik.com.tr\/index.php\/wp-json\/wp\/v2\/pages\/16"}],"collection":[{"href":"https:\/\/www.bafraozelguvenlik.com.tr\/index.php\/wp-json\/wp\/v2\/pages"}],"about":[{"href":"https:\/\/www.bafraozelguvenlik.com.tr\/index.php\/wp-json\/wp\/v2\/types\/page"}],"author":[{"embeddable":true,"href":"https:\/\/www.bafraozelguvenlik.com.tr\/index.php\/wp-json\/wp\/v2\/users\/1"}],"replies":[{"embeddable":true,"href":"https:\/\/www.bafraozelguvenlik.com.tr\/index.php\/wp-json\/wp\/v2\/comments?post=16"}],"version-history":[{"count":1,"href":"https:\/\/www.bafraozelguvenlik.com.tr\/index.php\/wp-json\/wp\/v2\/pages\/16\/revisions"}],"predecessor-version":[{"id":17,"href":"https:\/\/www.bafraozelguvenlik.com.tr\/index.php\/wp-json\/wp\/v2\/pages\/16\/revisions\/17"}],"wp:attachment":[{"href":"https:\/\/www.bafraozelguvenlik.com.tr\/index.php\/wp-json\/wp\/v2\/media?parent=16"}],"curies":[{"name":"wp","href":"https:\/\/api.w.org\/{rel}","templated":true}]}}