{"id":35,"date":"2016-11-24T00:04:19","date_gmt":"2016-11-23T22:04:19","guid":{"rendered":"http:\/\/www.bafraozelguvenlik.com\/?page_id=35"},"modified":"2019-01-16T08:54:23","modified_gmt":"2019-01-16T05:54:23","slug":"referanslar","status":"publish","type":"page","link":"http:\/\/www.bafraozelguvenlik.com.tr\/index.php\/referanslar\/","title":{"rendered":"REFERANSLAR"},"content":{"rendered":"<p><strong>Samsun ili ve Karadeniz genelinde bir\u00e7ok kamu ve \u00f6zel kurulu\u015fa \u00f6zel g\u00fcvenlik hizmeti vermi\u015f olmaktan k\u0131van\u00e7 duyuyoruz.<\/strong><\/p>\n\n\n<figure class=\"wp-block-image\"><img decoding=\"async\" loading=\"lazy\" width=\"698\" height=\"1024\" src=\"http:\/\/www.bafraozelguvenlik.com.tr\/wp-content\/uploads\/2019\/01\/2018-11-19-11.59.52-698x1024.png\" alt=\"\" class=\"wp-image-106\" srcset=\"http:\/\/www.bafraozelguvenlik.com.tr\/wp-content\/uploads\/2019\/01\/2018-11-19-11.59.52-698x1024.png 698w, http:\/\/www.bafraozelguvenlik.com.tr\/wp-content\/uploads\/2019\/01\/2018-11-19-11.59.52-204x300.png 204w, http:\/\/www.bafraozelguvenlik.com.tr\/wp-content\/uploads\/2019\/01\/2018-11-19-11.59.52-768x1127.png 768w, http:\/\/www.bafraozelguvenlik.com.tr\/wp-content\/uploads\/2019\/01\/2018-11-19-11.59.52.png 1325w\" sizes=\"(max-width: 698px) 100vw, 698px\" \/><\/figure>\n","protected":false},"excerpt":{"rendered":"<p>Samsun ili ve Karadeniz genelinde bir\u00e7ok kamu ve \u00f6zel kurulu\u015fa \u00f6zel g\u00fcvenlik hizmeti vermi\u015f olmaktan k\u0131van\u00e7 duyuyoruz.<\/p>\n","protected":false},"author":1,"featured_media":0,"parent":0,"menu_order":0,"comment_status":"closed","ping_status":"closed","template":"","meta":[],"_links":{"self":[{"href":"http:\/\/www.bafraozelguvenlik.com.tr\/index.php\/wp-json\/wp\/v2\/pages\/35"}],"collection":[{"href":"http:\/\/www.bafraozelguvenlik.com.tr\/index.php\/wp-json\/wp\/v2\/pages"}],"about":[{"href":"http:\/\/www.bafraozelguvenlik.com.tr\/index.php\/wp-json\/wp\/v2\/types\/page"}],"author":[{"embeddable":true,"href":"http:\/\/www.bafraozelguvenlik.com.tr\/index.php\/wp-json\/wp\/v2\/users\/1"}],"replies":[{"embeddable":true,"href":"http:\/\/www.bafraozelguvenlik.com.tr\/index.php\/wp-json\/wp\/v2\/comments?post=35"}],"version-history":[{"count":3,"href":"http:\/\/www.bafraozelguvenlik.com.tr\/index.php\/wp-json\/wp\/v2\/pages\/35\/revisions"}],"predecessor-version":[{"id":108,"href":"http:\/\/www.bafraozelguvenlik.com.tr\/index.php\/wp-json\/wp\/v2\/pages\/35\/revisions\/108"}],"wp:attachment":[{"href":"http:\/\/www.bafraozelguvenlik.com.tr\/index.php\/wp-json\/wp\/v2\/media?parent=35"}],"curies":[{"name":"wp","href":"https:\/\/api.w.org\/{rel}","templated":true}]}}